{"id":481,"date":"2025-09-21T20:59:48","date_gmt":"2025-09-22T01:59:48","guid":{"rendered":"https:\/\/finoptima.com.co\/site\/?page_id=481"},"modified":"2025-09-27T17:31:40","modified_gmt":"2025-09-27T22:31:40","slug":"2-revista-de-geo-politica-y-economia-rgpe","status":"publish","type":"page","link":"https:\/\/finoptima.com.co\/site\/2-revista-de-geo-politica-y-economia-rgpe\/","title":{"rendered":"2. Revista de GeoPol\u00edtica y GeoEconom\u00eda RGPE"},"content":{"rendered":"\n<div class=\"wp-block-group alignfull has-accent-4-background-color has-background is-vertical is-content-justification-center is-nowrap is-layout-flex wp-container-core-group-is-layout-2215816d wp-block-group-is-layout-flex\" style=\"min-height:100vh;margin-top:0;margin-bottom:0;padding-top:var(--wp--preset--spacing--50);padding-right:var(--wp--preset--spacing--50);padding-bottom:var(--wp--preset--spacing--50);padding-left:var(--wp--preset--spacing--50)\">\n<div class=\"wp-block-columns alignwide are-vertically-aligned-center is-layout-flex wp-container-core-columns-is-layout-47c06fe3 wp-block-columns-is-layout-flex\">\n<div class=\"wp-block-column is-vertically-aligned-center is-layout-flow wp-block-column-is-layout-flow\" style=\"flex-basis:40%\">\n<div class=\"wp-block-group is-layout-flow wp-container-core-group-is-layout-8f7ed23f wp-block-group-is-layout-flow\" style=\"min-height:100%;margin-top:0;margin-bottom:0;padding-right:0;padding-left:0\">\n<h1 class=\"wp-block-heading has-text-align-right\" style=\"margin-right:0;margin-left:calc( var(--wp--preset--spacing--20) * -1);font-size:clamp(5.174rem, 5.174rem + ((1vw - 0.2rem) * 11.377), 12rem);line-height:1;writing-mode:vertical-rl\">RGPE<\/h1>\n\n\n\n<div class=\"wp-block-group has-global-padding is-content-justification-left is-layout-constrained wp-container-core-group-is-layout-0207514c wp-block-group-is-layout-constrained\" style=\"padding-right:0;padding-left:0\">\n<p class=\"has-large-font-size wp-container-content-0733e5d0\"><strong><em>&#8230;donde est\u00e9 el cad\u00e1ver, all\u00ed se reunir\u00e1n los buitres&#8230;<\/em><\/strong><\/p>\n\n\n\n<p class=\"has-medium-font-size wp-container-content-0733e5d0\"><strong>(Mateo 24,28)<\/strong><\/p>\n\n\n\n<div class=\"wp-block-buttons is-layout-flex wp-block-buttons-is-layout-flex\"><\/div>\n<\/div>\n<\/div>\n<\/div>\n\n\n\n<div class=\"wp-block-column is-vertically-aligned-top is-layout-flow wp-block-column-is-layout-flow\" style=\"flex-basis:60%\">\n<figure class=\"wp-block-image size-full is-resized is-style-rounded is-style-rounded--1\"><img loading=\"lazy\" decoding=\"async\" width=\"703\" height=\"643\" src=\"https:\/\/finoptima.com.co\/site\/wp-content\/uploads\/2025\/09\/PortadaGeoPoliticaEconomica.jpeg\" alt=\"\" class=\"wp-image-482\" style=\"aspect-ratio:0.75;object-fit:cover;width:333px;height:auto\" srcset=\"https:\/\/finoptima.com.co\/site\/wp-content\/uploads\/2025\/09\/PortadaGeoPoliticaEconomica.jpeg 703w, https:\/\/finoptima.com.co\/site\/wp-content\/uploads\/2025\/09\/PortadaGeoPoliticaEconomica-300x274.jpeg 300w\" sizes=\"auto, (max-width: 703px) 100vw, 703px\" \/><\/figure>\n<\/div>\n<\/div>\n<\/div>\n\n\n\n<p>En nuestra Revista de Geopol\u00edtica y GeoEconom\u00eda (RGPE) se publican diversos art\u00edculos de an\u00e1lisis de la situaci\u00f3n geo pol\u00edtica y econ\u00f3mica que impactan a Colombia y sus regiones. An\u00e1lisis realistas y sinceros, sin ideolog\u00eda, pero con mucho pragmatismo, lo acercan a la mejor experiencia del d\u00eda a d\u00eda.<\/p>\n\n\n\n<div class=\"wp-block-uagb-advanced-heading uagb-block-04035697\"><h2 class=\"uagb-heading-text\"><mark class=\"uagb-highlight\">ART\u00cdCULOS<\/mark><\/h2><\/div>\n\n\n\n<figure class=\"wp-block-embed is-type-wp-embed is-provider-finoptima wp-block-embed-finoptima\"><div class=\"wp-block-embed__wrapper\">\n<blockquote class=\"wp-embedded-content\" data-secret=\"jdcHcUz43E\"><a href=\"https:\/\/finoptima.com.co\/site\/daniel-quintero-el-indecifrable\/\">Daniel Quintero: \u201cEL INDECIFRABLE\u201d<\/a><\/blockquote><iframe loading=\"lazy\" class=\"wp-embedded-content\" sandbox=\"allow-scripts\" security=\"restricted\" style=\"position: absolute; visibility: hidden;\" title=\"&#8220;Daniel Quintero: \u201cEL INDECIFRABLE\u201d&#8221; &#8212; FinOptima\" src=\"https:\/\/finoptima.com.co\/site\/daniel-quintero-el-indecifrable\/embed\/#?secret=v5FTPoNhV3#?secret=jdcHcUz43E\" data-secret=\"jdcHcUz43E\" width=\"500\" height=\"282\" frameborder=\"0\" marginwidth=\"0\" marginheight=\"0\" scrolling=\"no\"><\/iframe>\n<\/div><\/figure>\n\n\n\n<figure class=\"wp-block-embed is-type-wp-embed is-provider-finoptima wp-block-embed-finoptima\"><div class=\"wp-block-embed__wrapper\">\n<blockquote class=\"wp-embedded-content\" data-secret=\"MWR763nEFJ\"><a href=\"https:\/\/finoptima.com.co\/site\/se-revento-la-izquierda-y-la-derecha-ahi\/\">Se revent\u00f3 la izquierda y la derecha ah\u00ed<\/a><\/blockquote><iframe loading=\"lazy\" class=\"wp-embedded-content\" sandbox=\"allow-scripts\" security=\"restricted\" style=\"position: absolute; visibility: hidden;\" title=\"&#8220;Se revent\u00f3 la izquierda y la derecha ah\u00ed&#8221; &#8212; FinOptima\" src=\"https:\/\/finoptima.com.co\/site\/se-revento-la-izquierda-y-la-derecha-ahi\/embed\/#?secret=asPVjAFNPq#?secret=MWR763nEFJ\" data-secret=\"MWR763nEFJ\" width=\"500\" height=\"282\" frameborder=\"0\" marginwidth=\"0\" marginheight=\"0\" scrolling=\"no\"><\/iframe>\n<\/div><\/figure>\n\n\n\n<figure class=\"wp-block-embed is-type-wp-embed is-provider-finoptima wp-block-embed-finoptima\"><div class=\"wp-block-embed__wrapper\">\n<blockquote class=\"wp-embedded-content\" data-secret=\"uKCAWPOq76\"><a href=\"https:\/\/finoptima.com.co\/site\/mercado-laboral-del-primer-semestre\/\">Mercado laboral del primer semestre<\/a><\/blockquote><iframe loading=\"lazy\" class=\"wp-embedded-content\" sandbox=\"allow-scripts\" security=\"restricted\" style=\"position: absolute; visibility: hidden;\" title=\"&#8220;Mercado laboral del primer semestre&#8221; &#8212; FinOptima\" src=\"https:\/\/finoptima.com.co\/site\/mercado-laboral-del-primer-semestre\/embed\/#?secret=7u5JbIP4b2#?secret=uKCAWPOq76\" data-secret=\"uKCAWPOq76\" width=\"500\" height=\"282\" frameborder=\"0\" marginwidth=\"0\" marginheight=\"0\" scrolling=\"no\"><\/iframe>\n<\/div><\/figure>\n\n\n\n<div class=\"wp-block-uagb-container uagb-block-0485ccab alignfull uagb-is-root-container\"><div class=\"uagb-container-inner-blocks-wrap\"><\/div><\/div>\n\n\n\n<figure class=\"wp-block-embed is-type-wp-embed is-provider-finoptima wp-block-embed-finoptima\"><div class=\"wp-block-embed__wrapper\">\n<blockquote class=\"wp-embedded-content\" data-secret=\"OkQdTpqidE\"><a href=\"https:\/\/finoptima.com.co\/site\/apreciacion-del-peso-efectos-para-colombia-y-barranquilla\/\">Apreciaci\u00f3n del peso: efectos para Colombia y Barranquilla<\/a><\/blockquote><iframe loading=\"lazy\" class=\"wp-embedded-content\" sandbox=\"allow-scripts\" security=\"restricted\" style=\"position: absolute; visibility: hidden;\" title=\"&#8220;Apreciaci\u00f3n del peso: efectos para Colombia y Barranquilla&#8221; &#8212; FinOptima\" src=\"https:\/\/finoptima.com.co\/site\/apreciacion-del-peso-efectos-para-colombia-y-barranquilla\/embed\/#?secret=AibxdtbeV1#?secret=OkQdTpqidE\" data-secret=\"OkQdTpqidE\" width=\"500\" height=\"282\" frameborder=\"0\" marginwidth=\"0\" marginheight=\"0\" scrolling=\"no\"><\/iframe>\n<\/div><\/figure>\n\n\n\n<p><\/p>\n","protected":false},"excerpt":{"rendered":"<p>RGPE &#8230;donde est\u00e9 el cad\u00e1ver, all\u00ed se reunir\u00e1n los buitres&#8230; (Mateo 24,28) En nuestra Revista de Geopol\u00edtica y GeoEconom\u00eda (RGPE) se publican diversos art\u00edculos de an\u00e1lisis de la situaci\u00f3n geo pol\u00edtica y econ\u00f3mica que impactan a Colombia y sus regiones. An\u00e1lisis realistas y sinceros, sin ideolog\u00eda, pero con mucho pragmatismo, lo acercan a la mejor [&hellip;]<\/p>\n","protected":false},"author":1,"featured_media":0,"parent":0,"menu_order":0,"comment_status":"closed","ping_status":"closed","template":"","meta":{"_uag_custom_page_level_css":"","footnotes":""},"class_list":["post-481","page","type-page","status-publish","hentry"],"uagb_featured_image_src":{"full":false,"thumbnail":false,"medium":false,"medium_large":false,"large":false,"1536x1536":false,"2048x2048":false},"uagb_author_info":{"display_name":"f1n0pt1m4","author_link":"https:\/\/finoptima.com.co\/site\/author\/f1n0pt1m4\/"},"uagb_comment_info":0,"uagb_excerpt":"RGPE &#8230;donde est\u00e9 el cad\u00e1ver, all\u00ed se reunir\u00e1n los buitres&#8230; (Mateo 24,28) En nuestra Revista de Geopol\u00edtica y GeoEconom\u00eda (RGPE) se publican diversos art\u00edculos de an\u00e1lisis de la situaci\u00f3n geo pol\u00edtica y econ\u00f3mica que impactan a Colombia y sus regiones. An\u00e1lisis realistas y sinceros, sin ideolog\u00eda, pero con mucho pragmatismo, lo acercan a la mejor&hellip;","_links":{"self":[{"href":"https:\/\/finoptima.com.co\/site\/wp-json\/wp\/v2\/pages\/481","targetHints":{"allow":["GET"]}}],"collection":[{"href":"https:\/\/finoptima.com.co\/site\/wp-json\/wp\/v2\/pages"}],"about":[{"href":"https:\/\/finoptima.com.co\/site\/wp-json\/wp\/v2\/types\/page"}],"author":[{"embeddable":true,"href":"https:\/\/finoptima.com.co\/site\/wp-json\/wp\/v2\/users\/1"}],"replies":[{"embeddable":true,"href":"https:\/\/finoptima.com.co\/site\/wp-json\/wp\/v2\/comments?post=481"}],"version-history":[{"count":8,"href":"https:\/\/finoptima.com.co\/site\/wp-json\/wp\/v2\/pages\/481\/revisions"}],"predecessor-version":[{"id":505,"href":"https:\/\/finoptima.com.co\/site\/wp-json\/wp\/v2\/pages\/481\/revisions\/505"}],"wp:attachment":[{"href":"https:\/\/finoptima.com.co\/site\/wp-json\/wp\/v2\/media?parent=481"}],"curies":[{"name":"wp","href":"https:\/\/api.w.org\/{rel}","templated":true}]}}