{"id":411,"date":"2025-07-02T14:42:26","date_gmt":"2025-07-02T19:42:26","guid":{"rendered":"https:\/\/finoptima.com.co\/site\/?page_id=411"},"modified":"2025-07-02T15:15:54","modified_gmt":"2025-07-02T20:15:54","slug":"equipo-de-trabajo","status":"publish","type":"page","link":"https:\/\/finoptima.com.co\/site\/equipo-de-trabajo\/","title":{"rendered":"3. Equipo de trabajo"},"content":{"rendered":"\n<p>Nuestro equipo de trabajo est\u00e1 conformado por profesionales talentosos en diferentes disciplinas de especializaci\u00f3n:<\/p>\n\n\n\n<h2 class=\"wp-block-heading has-text-align-center\"><strong>Valentina Mar\u00edn Granada<\/strong><\/h2>\n\n\n\n<p class=\"has-text-align-center\">Representante Legal &#8211; Gerente<\/p>\n\n\n\n<p>Economista enfocada en el estudio de micronegocios como motores del desarrollo econ\u00f3mico local. Su enfoque anal\u00edtico se centra en c\u00f3mo estas unidades empresariales enfrentan choques macroecon\u00f3micos y aportan a la resiliencia territorial, fortaleciendo la sostenibilidad productiva en contextos regionales.<\/p>\n\n\n\n<h2 class=\"wp-block-heading has-text-align-center\"><strong>Juan Manuel Aristiz\u00e1bal Tamayo<\/strong><\/h2>\n\n\n\n<p class=\"has-text-align-center\">Consultor Senior<\/p>\n\n\n\n<p>Economista, mag\u00edster en Econom\u00eda Aplicada y estudiante de Doctorado en Econom\u00eda. Docente universitario, experto en econom\u00eda urbana, geograf\u00eda econ\u00f3mica, econometr\u00eda espacial y modelos de equilibrio general. Ha publicado en revistas como Regional Science, Policy, and Practice y Applied Spatial Analysis and Policy. Ha sido consultor del Banco Mundial en temas de disparidades regionales.<\/p>\n\n\n\n<h2 class=\"wp-block-heading has-text-align-center\"><strong>Yeison Ricardo Cardozo Calle<\/strong><\/h2>\n\n\n\n<p class=\"has-text-align-center\">Consultor Estrat\u00e9gico en An\u00e1lisis Coyuntural<\/p>\n\n\n\n<p>Economista con maestr\u00eda en Territorio, Conflicto y Cultura. Especialista en an\u00e1lisis de coyuntura econ\u00f3mica nacional e internacional, con enfoque en impactos territoriales. Docente universitario, columnista de medios y asesor de entidades p\u00fablicas en temas de desarrollo econ\u00f3mico y pol\u00edtica fiscal<\/p>\n\n\n\n<h2 class=\"wp-block-heading has-text-align-center\"><strong>Leidy Arbel\u00e1ez Ram\u00edrez<\/strong><\/h2>\n\n\n\n<p class=\"has-text-align-center\">Consultora en Econom\u00eda Regional y Empresarial<\/p>\n\n\n\n<p>Economista orientada al an\u00e1lisis del tejido empresarial local y su interacci\u00f3n con las din\u00e1micas econ\u00f3micas regionales. Aporta en estudios de competitividad, caracterizaci\u00f3n empresarial y estrategias para el fortalecimiento econ\u00f3mico territorial.<\/p>\n\n\n\n<h2 class=\"wp-block-heading has-text-align-center\"><strong>Nicol\u00e1s Garc\u00eda Pe\u00f1alosa<\/strong><\/h2>\n\n\n\n<p class=\"has-text-align-center\">Consultor en An\u00e1lisis de Datos y Modelos Predictivos<\/p>\n\n\n\n<p>Economista especializado en an\u00e1lisis y manejo avanzado de datos. Aplica t\u00e9cnicas de econometr\u00eda y modelos de aprendizaje autom\u00e1tico (Machine Learning) para resolver problemas econ\u00f3micos reales. Optimiza procesos de exploraci\u00f3n, tratamiento y visualizaci\u00f3n de datos.<\/p>\n\n\n\n<div class=\"wp-block-uagb-advanced-heading uagb-block-266becea\"><h2 class=\"uagb-heading-text\"><strong>Vladimir Pereira S\u00e1nchez<\/strong><\/h2><\/div>\n\n\n\n<p class=\"has-text-align-center\">Consultor Empresarial<\/p>\n\n\n\n<p class=\"has-text-align-left\">Ingeniero Industrial, se enfoca en la\u00a0formulaci\u00f3n, dise\u00f1o y ejecuci\u00f3n de proyectos; manejo de equipos de trabajo;\u00a0 gerencia del servicio y atenci\u00f3n al cliente, gesti\u00f3n administrativa, financiera, comercial, desarrollo de programas de planeaci\u00f3n estrat\u00e9gica y operativa. \u00a0Amplia experiencia como asesor y consultor externo, en desarrollo de programas de emprendimiento empresarial, planes de negocio y estructuraci\u00f3n de ideas de negocio.<\/p>\n\n\n\n<p><\/p>\n","protected":false},"excerpt":{"rendered":"<p>Nuestro equipo de trabajo est\u00e1 conformado por profesionales talentosos en diferentes disciplinas de especializaci\u00f3n: Valentina Mar\u00edn Granada Representante Legal &#8211; Gerente Economista enfocada en el estudio de micronegocios como motores del desarrollo econ\u00f3mico local. Su enfoque anal\u00edtico se centra en c\u00f3mo estas unidades empresariales enfrentan choques macroecon\u00f3micos y aportan a la resiliencia territorial, fortaleciendo la [&hellip;]<\/p>\n","protected":false},"author":1,"featured_media":0,"parent":0,"menu_order":0,"comment_status":"closed","ping_status":"closed","template":"","meta":{"_uag_custom_page_level_css":"","footnotes":""},"class_list":["post-411","page","type-page","status-publish","hentry"],"uagb_featured_image_src":{"full":false,"thumbnail":false,"medium":false,"medium_large":false,"large":false,"1536x1536":false,"2048x2048":false},"uagb_author_info":{"display_name":"f1n0pt1m4","author_link":"https:\/\/finoptima.com.co\/site\/author\/f1n0pt1m4\/"},"uagb_comment_info":0,"uagb_excerpt":"Nuestro equipo de trabajo est\u00e1 conformado por profesionales talentosos en diferentes disciplinas de especializaci\u00f3n: Valentina Mar\u00edn Granada Representante Legal &#8211; Gerente Economista enfocada en el estudio de micronegocios como motores del desarrollo econ\u00f3mico local. Su enfoque anal\u00edtico se centra en c\u00f3mo estas unidades empresariales enfrentan choques macroecon\u00f3micos y aportan a la resiliencia territorial, fortaleciendo la&hellip;","_links":{"self":[{"href":"https:\/\/finoptima.com.co\/site\/wp-json\/wp\/v2\/pages\/411","targetHints":{"allow":["GET"]}}],"collection":[{"href":"https:\/\/finoptima.com.co\/site\/wp-json\/wp\/v2\/pages"}],"about":[{"href":"https:\/\/finoptima.com.co\/site\/wp-json\/wp\/v2\/types\/page"}],"author":[{"embeddable":true,"href":"https:\/\/finoptima.com.co\/site\/wp-json\/wp\/v2\/users\/1"}],"replies":[{"embeddable":true,"href":"https:\/\/finoptima.com.co\/site\/wp-json\/wp\/v2\/comments?post=411"}],"version-history":[{"count":7,"href":"https:\/\/finoptima.com.co\/site\/wp-json\/wp\/v2\/pages\/411\/revisions"}],"predecessor-version":[{"id":430,"href":"https:\/\/finoptima.com.co\/site\/wp-json\/wp\/v2\/pages\/411\/revisions\/430"}],"wp:attachment":[{"href":"https:\/\/finoptima.com.co\/site\/wp-json\/wp\/v2\/media?parent=411"}],"curies":[{"name":"wp","href":"https:\/\/api.w.org\/{rel}","templated":true}]}}