{"id":312,"date":"2025-06-29T17:27:55","date_gmt":"2025-06-29T22:27:55","guid":{"rendered":"https:\/\/finoptima.com.co\/site\/?page_id=312"},"modified":"2025-07-03T12:31:03","modified_gmt":"2025-07-03T17:31:03","slug":"simuladores-de-finoptima","status":"publish","type":"page","link":"https:\/\/finoptima.com.co\/site\/simuladores-de-finoptima\/","title":{"rendered":"4. Simuladores de Fin\u00d3ptima"},"content":{"rendered":"\n<p>INTRODUCCI\u00d3N<\/p>\n\n\n\n<p>Fin\u00d3ptima ha desarrollado un conjunto de simuladores para evaluar choques econ\u00f3micos en variables claves.<\/p>\n\n\n\n<p>Por choque econ\u00f3mico se entiende una fuerza ex\u00f3gena al sistema, en otras palabras, un evento que se genera por fuera de las ecuaciones del modelo. El choque econ\u00f3mico es un evento pol\u00edtico, clim\u00e1tico, deportivo, cultural o de cualquier otra \u00edndole que afecta el sistema econ\u00f3mico.<\/p>\n\n\n\n<p>El choque econ\u00f3mico genera un impulso en la variable del modelo, que se transmite v\u00eda la innovaci\u00f3n del bloque de ecuaciones por la que entra. El impulso impacta el sistema de ecuaciones del modelo y genera una respuesta en las variables.<\/p>\n\n\n\n<p>Por ejemplo, en un sistema que representa el PIBt de un municipio, un cambio repentino de las REMESASt genera una respuesta en el Valor Agregado Bruto VABt, cuyos mecanismos de transmisi\u00f3n corresponden al aumento del consumo y la inversi\u00f3n en un tiempo determinado.<\/p>\n\n\n\n<div class=\"wp-block-uagb-image aligncenter uagb-block-72d688ff wp-block-uagb-image--layout-default wp-block-uagb-image--effect-static wp-block-uagb-image--align-center\"><figure class=\"wp-block-uagb-image__figure\"><img decoding=\"async\" srcset=\"https:\/\/finoptima.com.co\/site\/wp-content\/uploads\/2025\/06\/1.-IND-LAB-png-1024x614.png ,https:\/\/finoptima.com.co\/site\/wp-content\/uploads\/2025\/06\/1.-IND-LAB-png.png 780w, https:\/\/finoptima.com.co\/site\/wp-content\/uploads\/2025\/06\/1.-IND-LAB-png.png 360w\" sizes=\"auto, (max-width: 480px) 150px\" src=\"https:\/\/finoptima.com.co\/site\/wp-content\/uploads\/2025\/06\/1.-IND-LAB-png-1024x614.png\" alt=\"\" class=\"uag-image-366\" width=\"1185\" height=\"711\" title=\"1. IND LAB-png\" loading=\"lazy\" role=\"img\"\/><\/figure><\/div>\n\n\n\n<p>Las caracter\u00edsticas de un choque econ\u00f3mico son:<\/p>\n\n\n\n<figure class=\"wp-block-table\"><table class=\"has-fixed-layout\"><thead><tr><th>Rasgo<\/th><th>Interpretaci\u00f3n econom\u00e9trica<\/th><\/tr><\/thead><tbody><tr><td><strong>No anticipado<\/strong><\/td><td>Su valor es condici\u00f3n-media cero dado el pasado, por eso se lo llama <em>innovaci\u00f3n<\/em> o <em>error imprevisible<\/em>.<\/td><\/tr><tr><td><strong>Ex\u00f3geno al sistema<\/strong><\/td><td>En modelos estructurales se supone que cada shock procede de una fuerza econ\u00f3mica \u201cprimitiva\u201d que no depende contempor\u00e1neamente de las variables end\u00f3genas.<\/td><\/tr><tr><td><strong>Ortogonalidad<\/strong><\/td><td>Para identificar distintos tipos de choques (p. ej. monetario, tecnol\u00f3gico, de demanda) se exige que entre ellos no haya correlaci\u00f3n contempor\u00e1nea; esto permite trazar sus efectos v\u00eda funciones de respuesta al impulso (IRF).<\/td><\/tr><\/tbody><\/table><\/figure>\n\n\n\n<p class=\"has-text-align-center\"><strong>SIMULADORES DISPONIBLES<\/strong><\/p>\n\n\n\n<p>Fin\u00d3ptima ha desarrollado dos clases de simuladores:<\/p>\n\n\n\n<div class=\"wp-block-uagb-info-box uagb-block-4f400080 uagb-infobox__content-wrap  uagb-infobox-icon-above-title uagb-infobox-image-valign-top\"><div class=\"uagb-ifb-content\"><div class=\"uagb-ifb-icon-wrap\"><svg xmlns=\"https:\/\/www.w3.org\/2000\/svg\" viewBox=\"0 0 512 512\"><path d=\"M0 256C0 114.6 114.6 0 256 0C397.4 0 512 114.6 512 256C512 397.4 397.4 512 256 512C114.6 512 0 397.4 0 256zM371.8 211.8C382.7 200.9 382.7 183.1 371.8 172.2C360.9 161.3 343.1 161.3 332.2 172.2L224 280.4L179.8 236.2C168.9 225.3 151.1 225.3 140.2 236.2C129.3 247.1 129.3 264.9 140.2 275.8L204.2 339.8C215.1 350.7 232.9 350.7 243.8 339.8L371.8 211.8z\"><\/path><\/svg><\/div><div class=\"uagb-ifb-title-wrap\"><h3 class=\"uagb-ifb-title\">Entorno Macroecon\u00f3mico<\/h3><\/div><p class=\"uagb-ifb-desc\">El Simulador de Entorno Macroecon\u00f3mico de Fin\u00d3Ptima (SEMA) tiene como objetivo modelar interacciones de variables macroecon\u00f3micas b\u00e1sicas mediante modelos de series temporales multivariantes (VAR, VEC, ARDL). De esta manera se explora las interacciones del Valor Agregado Bruto (VAB) con el Mercado Laboral (ML) que incluyen ocupados (OCU), Desocupados (DES), Inactivos (INA), tasa de desempleo (TD) y de la din\u00e1mica de precios (IPC) y de la inflaci\u00f3n (INF).<\/p><\/div><\/div>\n\n\n\n<div class=\"wp-block-uagb-info-box uagb-block-0ea59291 uagb-infobox__content-wrap  uagb-infobox-icon-above-title uagb-infobox-image-valign-top\"><div class=\"uagb-ifb-content\"><div class=\"uagb-ifb-icon-wrap\"><svg xmlns=\"https:\/\/www.w3.org\/2000\/svg\" viewBox=\"0 0 512 512\"><path d=\"M0 256C0 114.6 114.6 0 256 0C397.4 0 512 114.6 512 256C512 397.4 397.4 512 256 512C114.6 512 0 397.4 0 256zM371.8 211.8C382.7 200.9 382.7 183.1 371.8 172.2C360.9 161.3 343.1 161.3 332.2 172.2L224 280.4L179.8 236.2C168.9 225.3 151.1 225.3 140.2 236.2C129.3 247.1 129.3 264.9 140.2 275.8L204.2 339.8C215.1 350.7 232.9 350.7 243.8 339.8L371.8 211.8z\"><\/path><\/svg><\/div><div class=\"uagb-ifb-title-wrap\"><h3 class=\"uagb-ifb-title\">Empresarial<\/h3><\/div><p class=\"uagb-ifb-desc\">El Simulador Empresarial de Fin\u00d3ptima (SEFO) tiene como objetivo explorar el efecto de choques econ\u00f3micos en el tejido empresarial. Para lo anterior, desarroll\u00f3 un modelo de simulaci\u00f3n Basado en Agentes (ABM, por sus siglas en ingl\u00e9s) que representa la din\u00e1mica empresarial y al que se le pueden aplicar choques econ\u00f3micos como costos laborales, tasas de inter\u00e9s, cambios en la demanda, tasas de cambios, precios de los energ\u00e9ticos, etc.<\/p><\/div><\/div>\n\n\n\n<p><\/p>\n\n\n\n<p><\/p>\n\n\n\n<p><\/p>\n\n\n\n<p><\/p>\n\n\n\n<p><\/p>\n\n\n\n<p><\/p>\n","protected":false},"excerpt":{"rendered":"<p>INTRODUCCI\u00d3N Fin\u00d3ptima ha desarrollado un conjunto de simuladores para evaluar choques econ\u00f3micos en variables claves. Por choque econ\u00f3mico se entiende una fuerza ex\u00f3gena al sistema, en otras palabras, un evento que se genera por fuera de las ecuaciones del modelo. El choque econ\u00f3mico es un evento pol\u00edtico, clim\u00e1tico, deportivo, cultural o de cualquier otra \u00edndole [&hellip;]<\/p>\n","protected":false},"author":1,"featured_media":0,"parent":0,"menu_order":0,"comment_status":"closed","ping_status":"closed","template":"","meta":{"_uag_custom_page_level_css":"","footnotes":""},"class_list":["post-312","page","type-page","status-publish","hentry"],"uagb_featured_image_src":{"full":false,"thumbnail":false,"medium":false,"medium_large":false,"large":false,"1536x1536":false,"2048x2048":false},"uagb_author_info":{"display_name":"f1n0pt1m4","author_link":"https:\/\/finoptima.com.co\/site\/author\/f1n0pt1m4\/"},"uagb_comment_info":0,"uagb_excerpt":"INTRODUCCI\u00d3N Fin\u00d3ptima ha desarrollado un conjunto de simuladores para evaluar choques econ\u00f3micos en variables claves. Por choque econ\u00f3mico se entiende una fuerza ex\u00f3gena al sistema, en otras palabras, un evento que se genera por fuera de las ecuaciones del modelo. El choque econ\u00f3mico es un evento pol\u00edtico, clim\u00e1tico, deportivo, cultural o de cualquier otra \u00edndole&hellip;","_links":{"self":[{"href":"https:\/\/finoptima.com.co\/site\/wp-json\/wp\/v2\/pages\/312","targetHints":{"allow":["GET"]}}],"collection":[{"href":"https:\/\/finoptima.com.co\/site\/wp-json\/wp\/v2\/pages"}],"about":[{"href":"https:\/\/finoptima.com.co\/site\/wp-json\/wp\/v2\/types\/page"}],"author":[{"embeddable":true,"href":"https:\/\/finoptima.com.co\/site\/wp-json\/wp\/v2\/users\/1"}],"replies":[{"embeddable":true,"href":"https:\/\/finoptima.com.co\/site\/wp-json\/wp\/v2\/comments?post=312"}],"version-history":[{"count":10,"href":"https:\/\/finoptima.com.co\/site\/wp-json\/wp\/v2\/pages\/312\/revisions"}],"predecessor-version":[{"id":448,"href":"https:\/\/finoptima.com.co\/site\/wp-json\/wp\/v2\/pages\/312\/revisions\/448"}],"wp:attachment":[{"href":"https:\/\/finoptima.com.co\/site\/wp-json\/wp\/v2\/media?parent=312"}],"curies":[{"name":"wp","href":"https:\/\/api.w.org\/{rel}","templated":true}]}}