{"id":311,"date":"2024-06-27T10:00:50","date_gmt":"2024-06-27T15:00:50","guid":{"rendered":"https:\/\/finoptima.com.co\/site\/?page_id=311"},"modified":"2025-07-02T15:15:10","modified_gmt":"2025-07-02T20:15:10","slug":"portafolio-de-servicios","status":"publish","type":"page","link":"https:\/\/finoptima.com.co\/site\/portafolio-de-servicios\/","title":{"rendered":"1. Portafolio de Servicios"},"content":{"rendered":"\n<p class=\"has-text-align-center has-large-font-size\"><strong>LINEAS ESTRAT\u00c9GICAS<\/strong><\/p>\n\n\n\n<div class=\"wp-block-uagb-container uagb-block-df59b9f5 alignfull uagb-is-root-container\"><div class=\"uagb-container-inner-blocks-wrap\">\n<div class=\"wp-block-uagb-container uagb-block-3a88e208\">\n<div class=\"wp-block-uagb-image aligncenter uagb-block-562d3337 wp-block-uagb-image--layout-default wp-block-uagb-image--effect-static wp-block-uagb-image--align-center\"><figure class=\"wp-block-uagb-image__figure\"><img decoding=\"async\" srcset=\"https:\/\/finoptima.com.co\/site\/wp-content\/uploads\/2024\/08\/1.-EST-ESP-URBANA.png ,https:\/\/finoptima.com.co\/site\/wp-content\/uploads\/2024\/08\/1.-EST-ESP-URBANA.png 780w, https:\/\/finoptima.com.co\/site\/wp-content\/uploads\/2024\/08\/1.-EST-ESP-URBANA.png 360w\" sizes=\"auto, (max-width: 480px) 150px\" src=\"https:\/\/finoptima.com.co\/site\/wp-content\/uploads\/2024\/08\/1.-EST-ESP-URBANA.png\" alt=\"\" class=\"uag-image-347\" width=\"129\" height=\"166\" title=\"1.-EST-ESP-URBANA\" loading=\"lazy\" role=\"img\"\/><\/figure><\/div>\n<\/div>\n\n\n\n<div class=\"wp-block-uagb-container uagb-block-d2e9c9c8\">\n<ol class=\"wp-block-list\">\n<li><strong>ESTRUCTURA ESPACIAL URBANA<\/strong><\/li>\n<\/ol>\n\n\n\n<p>Proporcionamos asesor\u00eda en la planificaci\u00f3n y desarrollo de estructuras urbanas espaciales que promuevan el crecimiento sostenible y el bienestar comunitario. Ayudamos a identificar \u00e1reas de oportunidad para el desarrollo econ\u00f3mico, a dise\u00f1ar estrategias para la descentralizaci\u00f3n econ\u00f3mica y a mejorar la equidad y accesibilidad en la distribuci\u00f3n de recursos y oportunidades. Asesoramos el dise\u00f1o de espacios p\u00fablicos, la revitalizaci\u00f3n urbana, el transporte p\u00fablico, la movilidad y la integraci\u00f3n de tecnolog\u00edas inteligentes para ciudades m\u00e1s eficientes y habitables.<\/p>\n<\/div>\n<\/div><\/div>\n\n\n\n<div class=\"wp-block-uagb-container uagb-block-dac1a952 alignfull uagb-is-root-container\"><div class=\"uagb-container-inner-blocks-wrap\">\n<div class=\"wp-block-uagb-container uagb-block-e2ed8425\">\n<div class=\"wp-block-uagb-image uagb-block-9d01f155 wp-block-uagb-image--layout-default wp-block-uagb-image--effect-static wp-block-uagb-image--align-none\"><figure class=\"wp-block-uagb-image__figure\"><img decoding=\"async\" srcset=\"https:\/\/finoptima.com.co\/site\/wp-content\/uploads\/2024\/08\/4.-MERCADO-LABORAL.png ,https:\/\/finoptima.com.co\/site\/wp-content\/uploads\/2024\/08\/4.-MERCADO-LABORAL.png 780w, https:\/\/finoptima.com.co\/site\/wp-content\/uploads\/2024\/08\/4.-MERCADO-LABORAL.png 360w\" sizes=\"auto, (max-width: 480px) 150px\" src=\"https:\/\/finoptima.com.co\/site\/wp-content\/uploads\/2024\/08\/4.-MERCADO-LABORAL.png\" alt=\"\" class=\"uag-image-352\" width=\"131\" height=\"119\" title=\"4.-MERCADO-LABORAL\" loading=\"lazy\" role=\"img\"\/><\/figure><\/div>\n<\/div>\n\n\n\n<div class=\"wp-block-uagb-container uagb-block-04dfc2d1\">\n<p>2. <strong>MERCADO LABORAL<\/strong><\/p>\n\n\n\n<p>Asesoramos en la evaluaci\u00f3n y optimizaci\u00f3n del mercado laboral. Nuestros servicios incluyen el an\u00e1lisis de tendencias laborales, el desarrollo de programas de capacitaci\u00f3n y empleo, y la implementaci\u00f3n de pol\u00edticas que promuevan la creaci\u00f3n de empleo y el crecimiento econ\u00f3mico inclusivo.<\/p>\n<\/div>\n<\/div><\/div>\n\n\n\n<div class=\"wp-block-uagb-container uagb-block-ee1c0488 alignfull uagb-is-root-container\"><div class=\"uagb-container-inner-blocks-wrap\">\n<div class=\"wp-block-uagb-container uagb-block-09c1b149\">\n<div class=\"wp-block-uagb-image uagb-block-ae700179 wp-block-uagb-image--layout-default wp-block-uagb-image--effect-static wp-block-uagb-image--align-none\"><figure class=\"wp-block-uagb-image__figure\"><img decoding=\"async\" srcset=\"https:\/\/finoptima.com.co\/site\/wp-content\/uploads\/2024\/08\/6.-GESTION-GERENCIAL.png ,https:\/\/finoptima.com.co\/site\/wp-content\/uploads\/2024\/08\/6.-GESTION-GERENCIAL.png 780w, https:\/\/finoptima.com.co\/site\/wp-content\/uploads\/2024\/08\/6.-GESTION-GERENCIAL.png 360w\" sizes=\"auto, (max-width: 480px) 150px\" src=\"https:\/\/finoptima.com.co\/site\/wp-content\/uploads\/2024\/08\/6.-GESTION-GERENCIAL.png\" alt=\"\" class=\"uag-image-354\" width=\"125\" height=\"130\" title=\"6.-GESTION-GERENCIAL\" loading=\"lazy\" role=\"img\"\/><\/figure><\/div>\n<\/div>\n\n\n\n<div class=\"wp-block-uagb-container uagb-block-33717ab6\">\n<p>3. <strong>GESTI\u00d3N GERENCIAL<\/strong><\/p>\n\n\n\n<p>Proporcionamos soluciones para mejorar la gesti\u00f3n gerencial en organizaciones de todos los tama\u00f1os. Esto incluye el desarrollo de planes estrat\u00e9gicos, la optimizaci\u00f3n de procesos operativos, la gesti\u00f3n del cambio y la implementaci\u00f3n de buenas pr\u00e1cticas de liderazgo y gesti\u00f3n de equipos.<\/p>\n<\/div>\n<\/div><\/div>\n\n\n\n<div class=\"wp-block-uagb-container uagb-block-1f2d793f alignfull uagb-is-root-container\"><div class=\"uagb-container-inner-blocks-wrap\">\n<div class=\"wp-block-uagb-container uagb-block-24d7627a\">\n<div class=\"wp-block-uagb-image aligncenter uagb-block-41bf553e wp-block-uagb-image--layout-default wp-block-uagb-image--effect-static wp-block-uagb-image--align-center\"><figure class=\"wp-block-uagb-image__figure\"><img decoding=\"async\" srcset=\"https:\/\/finoptima.com.co\/site\/wp-content\/uploads\/2024\/08\/7.-FINANZAS-GOBIERNO-LOCAL.png ,https:\/\/finoptima.com.co\/site\/wp-content\/uploads\/2024\/08\/7.-FINANZAS-GOBIERNO-LOCAL.png 780w, https:\/\/finoptima.com.co\/site\/wp-content\/uploads\/2024\/08\/7.-FINANZAS-GOBIERNO-LOCAL.png 360w\" sizes=\"auto, (max-width: 480px) 150px\" src=\"https:\/\/finoptima.com.co\/site\/wp-content\/uploads\/2024\/08\/7.-FINANZAS-GOBIERNO-LOCAL.png\" alt=\"\" class=\"uag-image-355\" width=\"116\" height=\"133\" title=\"7.-FINANZAS-GOBIERNO-LOCAL\" loading=\"lazy\" role=\"img\"\/><\/figure><\/div>\n<\/div>\n\n\n\n<div class=\"wp-block-uagb-container uagb-block-c20b3000\">\n<p>4. <strong>FINANZAS DEL GOBIERNO LOCAL<\/strong><\/p>\n\n\n\n<p>Brindamos asesor\u00eda financiera especializada para gobiernos locales. Ayudamos a gestionar presupuestos, optimizar el uso de recursos, implementar pol\u00edticas fiscales efectivas y desarrollar estrategias para la captaci\u00f3n de fondos y la mejora de la transparencia y rendici\u00f3n de cuentas.<\/p>\n<\/div>\n<\/div><\/div>\n\n\n\n<div class=\"wp-block-uagb-container uagb-block-9846bda8 alignfull uagb-is-root-container\"><div class=\"uagb-container-inner-blocks-wrap\">\n<div class=\"wp-block-uagb-container uagb-block-d652f0a5\">\n<div class=\"wp-block-uagb-image aligncenter uagb-block-9d65f994 wp-block-uagb-image--layout-default wp-block-uagb-image--effect-static wp-block-uagb-image--align-center\"><figure class=\"wp-block-uagb-image__figure\"><img decoding=\"async\" srcset=\"https:\/\/finoptima.com.co\/site\/wp-content\/uploads\/2024\/08\/8.FINANZAS-SECTOR-PRIVADO.png ,https:\/\/finoptima.com.co\/site\/wp-content\/uploads\/2024\/08\/8.FINANZAS-SECTOR-PRIVADO.png 780w, https:\/\/finoptima.com.co\/site\/wp-content\/uploads\/2024\/08\/8.FINANZAS-SECTOR-PRIVADO.png 360w\" sizes=\"auto, (max-width: 480px) 150px\" src=\"https:\/\/finoptima.com.co\/site\/wp-content\/uploads\/2024\/08\/8.FINANZAS-SECTOR-PRIVADO.png\" alt=\"\" class=\"uag-image-356\" width=\"102\" height=\"127\" title=\"8.FINANZAS-SECTOR-PRIVADO\" loading=\"lazy\" role=\"img\"\/><\/figure><\/div>\n<\/div>\n\n\n\n<div class=\"wp-block-uagb-container uagb-block-6d3042e4\">\n<p>5.<strong> FINANZAS DEL SECTOR PRIVADO<\/strong><\/p>\n\n\n\n<p>Ofrecemos servicios de consultor\u00eda financiera para empresas privadas, incluyendo asesor\u00eda en la gesti\u00f3n de inversiones, planificaci\u00f3n financiera, an\u00e1lisis de riesgos y desarrollo de estrategias de crecimiento. Nuestro objetivo es ayudar a las empresas a maximizar su rentabilidad y sostenibilidad a largo plazo.<\/p>\n<\/div>\n<\/div><\/div>\n\n\n\n<div class=\"wp-block-uagb-container uagb-block-b2ca21b5 alignfull uagb-is-root-container\"><div class=\"uagb-container-inner-blocks-wrap\">\n<div class=\"wp-block-uagb-container uagb-block-ee4377de\">\n<div class=\"wp-block-uagb-image aligncenter uagb-block-adb88ff1 wp-block-uagb-image--layout-default wp-block-uagb-image--effect-static wp-block-uagb-image--align-center\"><figure class=\"wp-block-uagb-image__figure\"><img decoding=\"async\" srcset=\"https:\/\/finoptima.com.co\/site\/wp-content\/uploads\/2024\/08\/9.-LOGISTICA-2.png ,https:\/\/finoptima.com.co\/site\/wp-content\/uploads\/2024\/08\/9.-LOGISTICA-2.png 780w, https:\/\/finoptima.com.co\/site\/wp-content\/uploads\/2024\/08\/9.-LOGISTICA-2.png 360w\" sizes=\"auto, (max-width: 480px) 150px\" src=\"https:\/\/finoptima.com.co\/site\/wp-content\/uploads\/2024\/08\/9.-LOGISTICA-2.png\" alt=\"\" class=\"uag-image-357\" width=\"146\" height=\"135\" title=\"9.-LOGISTICA-2\" loading=\"lazy\" role=\"img\"\/><\/figure><\/div>\n<\/div>\n\n\n\n<div class=\"wp-block-uagb-container uagb-block-f754a382\">\n<p>6.<strong> EFICIENCIA DE PROCESOS PRODUCTIVOS<\/strong><\/p>\n\n\n\n<p>Ofrecemos asesor\u00eda en el dise\u00f1o, planificaci\u00f3n e implementaci\u00f3n de procesos productivos de bienes y servicios, mediante el an\u00e1lisis y optimizaci\u00f3n de las fases de adquisici\u00f3n, almacenamiento, producci\u00f3n, distribuci\u00f3n y venta de productos y servicios inmersos en las realidades locales donde operan.<\/p>\n<\/div>\n<\/div><\/div>\n\n\n\n<div class=\"wp-block-uagb-container uagb-block-8bfff567 alignfull uagb-is-root-container\"><div class=\"uagb-container-inner-blocks-wrap\">\n<div class=\"wp-block-uagb-container uagb-block-afd96075\">\n<div class=\"wp-block-uagb-image aligncenter uagb-block-b1149a20 wp-block-uagb-image--layout-default wp-block-uagb-image--effect-static wp-block-uagb-image--align-center\"><figure class=\"wp-block-uagb-image__figure\"><img decoding=\"async\" srcset=\"https:\/\/finoptima.com.co\/site\/wp-content\/uploads\/2024\/08\/10.-DIS-POL-PUB.png ,https:\/\/finoptima.com.co\/site\/wp-content\/uploads\/2024\/08\/10.-DIS-POL-PUB.png 780w, https:\/\/finoptima.com.co\/site\/wp-content\/uploads\/2024\/08\/10.-DIS-POL-PUB.png 360w\" sizes=\"auto, (max-width: 480px) 150px\" src=\"https:\/\/finoptima.com.co\/site\/wp-content\/uploads\/2024\/08\/10.-DIS-POL-PUB.png\" alt=\"\" class=\"uag-image-358\" width=\"100\" height=\"135\" title=\"10.-DIS-POL-PUB\" loading=\"lazy\" role=\"img\"\/><\/figure><\/div>\n<\/div>\n\n\n\n<div class=\"wp-block-uagb-container uagb-block-3c3dd3ee\">\n<p>7. <strong>DISE\u00d1O Y EVALUACI\u00d3N DE POL\u00cdTICAS P\u00daBLICAS<\/strong><\/p>\n\n\n\n<p>Asesoramos en el dise\u00f1o, implementaci\u00f3n y evaluaci\u00f3n de pol\u00edticas p\u00fablicas efectivas. Nuestros servicios incluyen el an\u00e1lisis de impacto, la formulaci\u00f3n de estrategias pol\u00edticas y la evaluaci\u00f3n de programas gubernamentales, con el objetivo de mejorar la eficiencia y efectividad de las pol\u00edticas p\u00fablicas.<\/p>\n<\/div>\n<\/div><\/div>\n\n\n\n<p><\/p>\n","protected":false},"excerpt":{"rendered":"<p>LINEAS ESTRAT\u00c9GICAS Proporcionamos asesor\u00eda en la planificaci\u00f3n y desarrollo de estructuras urbanas espaciales que promuevan el crecimiento sostenible y el bienestar comunitario. Ayudamos a identificar \u00e1reas de oportunidad para el desarrollo econ\u00f3mico, a dise\u00f1ar estrategias para la descentralizaci\u00f3n econ\u00f3mica y a mejorar la equidad y accesibilidad en la distribuci\u00f3n de recursos y oportunidades. Asesoramos el [&hellip;]<\/p>\n","protected":false},"author":1,"featured_media":0,"parent":0,"menu_order":0,"comment_status":"closed","ping_status":"closed","template":"","meta":{"_uag_custom_page_level_css":"","footnotes":""},"class_list":["post-311","page","type-page","status-publish","hentry"],"uagb_featured_image_src":{"full":false,"thumbnail":false,"medium":false,"medium_large":false,"large":false,"1536x1536":false,"2048x2048":false},"uagb_author_info":{"display_name":"f1n0pt1m4","author_link":"https:\/\/finoptima.com.co\/site\/author\/f1n0pt1m4\/"},"uagb_comment_info":0,"uagb_excerpt":"LINEAS ESTRAT\u00c9GICAS Proporcionamos asesor\u00eda en la planificaci\u00f3n y desarrollo de estructuras urbanas espaciales que promuevan el crecimiento sostenible y el bienestar comunitario. Ayudamos a identificar \u00e1reas de oportunidad para el desarrollo econ\u00f3mico, a dise\u00f1ar estrategias para la descentralizaci\u00f3n econ\u00f3mica y a mejorar la equidad y accesibilidad en la distribuci\u00f3n de recursos y oportunidades. Asesoramos el&hellip;","_links":{"self":[{"href":"https:\/\/finoptima.com.co\/site\/wp-json\/wp\/v2\/pages\/311","targetHints":{"allow":["GET"]}}],"collection":[{"href":"https:\/\/finoptima.com.co\/site\/wp-json\/wp\/v2\/pages"}],"about":[{"href":"https:\/\/finoptima.com.co\/site\/wp-json\/wp\/v2\/types\/page"}],"author":[{"embeddable":true,"href":"https:\/\/finoptima.com.co\/site\/wp-json\/wp\/v2\/users\/1"}],"replies":[{"embeddable":true,"href":"https:\/\/finoptima.com.co\/site\/wp-json\/wp\/v2\/comments?post=311"}],"version-history":[{"count":5,"href":"https:\/\/finoptima.com.co\/site\/wp-json\/wp\/v2\/pages\/311\/revisions"}],"predecessor-version":[{"id":428,"href":"https:\/\/finoptima.com.co\/site\/wp-json\/wp\/v2\/pages\/311\/revisions\/428"}],"wp:attachment":[{"href":"https:\/\/finoptima.com.co\/site\/wp-json\/wp\/v2\/media?parent=311"}],"curies":[{"name":"wp","href":"https:\/\/api.w.org\/{rel}","templated":true}]}}