{"id":305,"date":"2024-06-27T10:30:15","date_gmt":"2024-06-27T15:30:15","guid":{"rendered":"https:\/\/finoptima.com.co\/site\/?page_id=305"},"modified":"2025-07-03T12:31:44","modified_gmt":"2025-07-03T17:31:44","slug":"quienes-somos","status":"publish","type":"page","link":"https:\/\/finoptima.com.co\/site\/home\/quienes-somos\/","title":{"rendered":"5. Quienes Somos"},"content":{"rendered":"\n<p>En Fin\u00d3ptima, somos una empresa de consultor\u00eda financiera, fundada en 2024 con el prop\u00f3sito de ofrecer soluciones avanzadas y adaptadas a las din\u00e1micas espec\u00edficas del territorio. Nos especializamos en proporcionar an\u00e1lisis y asesor\u00edas basadas en modelos de simulaci\u00f3n y econom\u00e9tricos, los cuales son dise\u00f1ados para optimizar la gesti\u00f3n de recursos y mejorar la toma de decisiones estrat\u00e9gicas.<\/p>\n\n\n\n<p>Nuestro equipo est\u00e1 compuesto por profesionales altamente calificados y comprometidos con los valores de perseverancia, responsabilidad y eficiencia. Trabajamos incansablemente para entender las necesidades y desaf\u00edos de nuestros clientes, ofreciendo soluciones personalizadas que aportan un valor real y sostenible a sus operaciones.<\/p>\n\n\n\n<p>Atendemos tanto a empresas p\u00fablicas como privadas, brindando un servicio que combina el conocimiento local con la innovaci\u00f3n tecnol\u00f3gica. Nuestro objetivo es convertirnos en un aliado estrat\u00e9gico para nuestros clientes, apoy\u00e1ndolos en cada etapa de su crecimiento y desarrollo financiero.<\/p>\n\n\n\n<p>En Fin\u00d3ptima, creemos en el poder de la perseverancia para superar desaf\u00edos, en la responsabilidad como base de nuestras relaciones y en la eficiencia como pilar de nuestras soluciones. Estamos comprometidos con la excelencia y la mejora continua, aspirando a liderar el mercado de consultor\u00eda financiera.<\/p>\n\n\n\n<p class=\"has-text-align-center has-large-font-size\"><strong>Misi\u00f3n<\/strong><\/p>\n\n\n\n<p>Proveer servicios de consultor\u00eda econ\u00f3mica y empresarial de alta calidad, combinando an\u00e1lisis t\u00e9cnico riguroso con herramientas digitales innovadoras para fortalecer la toma de decisiones y optimizaci\u00f3n de recursos en empresas, entidades p\u00fablicas y organizaciones sociales. Nuestro trabajo se basa en datos reales, conocimiento territorial y compromiso con el desarrollo sostenible de las regiones de Colombia.<\/p>\n\n\n\n<p class=\"has-text-align-center has-large-font-size\"><strong>Visi\u00f3n<\/strong><\/p>\n\n\n\n<p>Ser una empresa l\u00edder en consultor\u00eda econ\u00f3mica y empresarial en Colombia, reconocida por su capacidad de generar soluciones financieras innovadoras, precisas y territorializadas que fortalezcan el desarrollo econ\u00f3mico regional y nacional. Nuestra meta es consolidar presencia estrat\u00e9gica en las principales ciudades del pa\u00eds y convertirnos en un aliado clave para empresas, gobiernos y ciudadanos en la toma de decisiones basadas en evidencia durante la pr\u00f3xima d\u00e9cada.<\/p>\n\n\n\n<p class=\"has-text-align-center has-large-font-size\"><strong>Valores<\/strong><\/p>\n\n\n\n<p>Perseverancia, responsabilidad y eficiencia.<\/p>\n\n\n\n<p><\/p>\n","protected":false},"excerpt":{"rendered":"<p>En Fin\u00d3ptima, somos una empresa de consultor\u00eda financiera, fundada en 2024 con el prop\u00f3sito de ofrecer soluciones avanzadas y adaptadas a las din\u00e1micas espec\u00edficas del territorio. Nos especializamos en proporcionar an\u00e1lisis y asesor\u00edas basadas en modelos de simulaci\u00f3n y econom\u00e9tricos, los cuales son dise\u00f1ados para optimizar la gesti\u00f3n de recursos y mejorar la toma de [&hellip;]<\/p>\n","protected":false},"author":1,"featured_media":0,"parent":20,"menu_order":0,"comment_status":"closed","ping_status":"closed","template":"","meta":{"_uag_custom_page_level_css":"","footnotes":""},"class_list":["post-305","page","type-page","status-publish","hentry"],"uagb_featured_image_src":{"full":false,"thumbnail":false,"medium":false,"medium_large":false,"large":false,"1536x1536":false,"2048x2048":false},"uagb_author_info":{"display_name":"f1n0pt1m4","author_link":"https:\/\/finoptima.com.co\/site\/author\/f1n0pt1m4\/"},"uagb_comment_info":0,"uagb_excerpt":"En Fin\u00d3ptima, somos una empresa de consultor\u00eda financiera, fundada en 2024 con el prop\u00f3sito de ofrecer soluciones avanzadas y adaptadas a las din\u00e1micas espec\u00edficas del territorio. Nos especializamos en proporcionar an\u00e1lisis y asesor\u00edas basadas en modelos de simulaci\u00f3n y econom\u00e9tricos, los cuales son dise\u00f1ados para optimizar la gesti\u00f3n de recursos y mejorar la toma de&hellip;","_links":{"self":[{"href":"https:\/\/finoptima.com.co\/site\/wp-json\/wp\/v2\/pages\/305","targetHints":{"allow":["GET"]}}],"collection":[{"href":"https:\/\/finoptima.com.co\/site\/wp-json\/wp\/v2\/pages"}],"about":[{"href":"https:\/\/finoptima.com.co\/site\/wp-json\/wp\/v2\/types\/page"}],"author":[{"embeddable":true,"href":"https:\/\/finoptima.com.co\/site\/wp-json\/wp\/v2\/users\/1"}],"replies":[{"embeddable":true,"href":"https:\/\/finoptima.com.co\/site\/wp-json\/wp\/v2\/comments?post=305"}],"version-history":[{"count":17,"href":"https:\/\/finoptima.com.co\/site\/wp-json\/wp\/v2\/pages\/305\/revisions"}],"predecessor-version":[{"id":449,"href":"https:\/\/finoptima.com.co\/site\/wp-json\/wp\/v2\/pages\/305\/revisions\/449"}],"up":[{"embeddable":true,"href":"https:\/\/finoptima.com.co\/site\/wp-json\/wp\/v2\/pages\/20"}],"wp:attachment":[{"href":"https:\/\/finoptima.com.co\/site\/wp-json\/wp\/v2\/media?parent=305"}],"curies":[{"name":"wp","href":"https:\/\/api.w.org\/{rel}","templated":true}]}}