{"id":20,"date":"2024-05-24T12:48:10","date_gmt":"2024-05-24T17:48:10","guid":{"rendered":"https:\/\/finoptima.com.co\/site\/home\/"},"modified":"2025-10-22T16:38:48","modified_gmt":"2025-10-22T21:38:48","slug":"home","status":"publish","type":"page","link":"https:\/\/finoptima.com.co\/site\/","title":{"rendered":"Nuestro Fin&#8230;Optimizar."},"content":{"rendered":"\n<div class=\"wp-block-uagb-image aligncenter uagb-block-d321a42b wp-block-uagb-image--layout-default wp-block-uagb-image--effect-static wp-block-uagb-image--align-center\"><figure class=\"wp-block-uagb-image__figure\"><img decoding=\"async\" srcset=\"https:\/\/finoptima.com.co\/site\/wp-content\/uploads\/2025\/10\/LOGO-FINOPTIMA.png ,https:\/\/finoptima.com.co\/site\/wp-content\/uploads\/2025\/10\/LOGO-FINOPTIMA.png 780w, https:\/\/finoptima.com.co\/site\/wp-content\/uploads\/2025\/10\/LOGO-FINOPTIMA.png 360w\" sizes=\"auto, (max-width: 480px) 150px\" src=\"https:\/\/finoptima.com.co\/site\/wp-content\/uploads\/2025\/10\/LOGO-FINOPTIMA.png\" alt=\"\" class=\"uag-image-512\" width=\"360\" height=\"360\" title=\"LOGO FIN\u00d3PTIMA\" loading=\"lazy\" role=\"img\"\/><\/figure><\/div>\n\n\n\n<p class=\"has-text-align-center has-large-font-size\"><strong>Nuestra oferta:<\/strong><\/p>\n\n\n\n<div class=\"wp-block-uagb-container uagb-block-df59b9f5 alignfull uagb-is-root-container\"><div class=\"uagb-container-inner-blocks-wrap\">\n<div class=\"wp-block-uagb-container uagb-block-3a88e208\">\n<div class=\"wp-block-uagb-image aligncenter uagb-block-562d3337 wp-block-uagb-image--layout-default wp-block-uagb-image--effect-static wp-block-uagb-image--align-center\"><figure class=\"wp-block-uagb-image__figure\"><img decoding=\"async\" srcset=\"https:\/\/finoptima.com.co\/site\/wp-content\/uploads\/2025\/06\/11.-MOD-SIM-1.png ,https:\/\/finoptima.com.co\/site\/wp-content\/uploads\/2025\/06\/11.-MOD-SIM-1.png 780w, https:\/\/finoptima.com.co\/site\/wp-content\/uploads\/2025\/06\/11.-MOD-SIM-1.png 360w\" sizes=\"auto, (max-width: 480px) 150px\" src=\"https:\/\/finoptima.com.co\/site\/wp-content\/uploads\/2025\/06\/11.-MOD-SIM-1.png\" alt=\"\" class=\"uag-image-387\" width=\"178\" height=\"194\" title=\"11. MOD SIM\" loading=\"lazy\" role=\"img\"\/><\/figure><\/div>\n<\/div>\n\n\n\n<div class=\"wp-block-uagb-container uagb-block-d2e9c9c8\">\n<ol class=\"wp-block-list\">\n<li><strong>PORTAFOLIO DE SERVICIOS<\/strong><\/li>\n<\/ol>\n\n\n\n<div class=\"wp-block-buttons is-layout-flex wp-block-buttons-is-layout-flex\">\n<div class=\"wp-block-button\"><a class=\"wp-block-button__link wp-element-button\" href=\"https:\/\/finoptima.com.co\/site\/portafolio-de-servicios\/\">IR AL PROTAFOLIO<\/a><\/div>\n<\/div>\n\n\n\n<p>Nuestra oferta se hace sobre las l\u00edneas estrat\u00e9gicas de estructura espacial urbana, mercado laboral, gesti\u00f3n gerencial, finanzas del gobierno local, finanzas del sector privado, eficiencia de procesos productivos y dise\u00f1o y evaluaci\u00f3n de pol\u00edticas p\u00fablicas.<\/p>\n<\/div>\n<\/div><\/div>\n\n\n\n<div class=\"wp-block-uagb-container uagb-block-8c548d1e alignfull uagb-is-root-container\"><div class=\"uagb-container-inner-blocks-wrap\">\n<div class=\"wp-block-uagb-container uagb-block-6bbdb886\">\n<div class=\"wp-block-uagb-image aligncenter uagb-block-6e3ec95b wp-block-uagb-image--layout-default wp-block-uagb-image--effect-static wp-block-uagb-image--align-center\"><figure class=\"wp-block-uagb-image__figure\"><img decoding=\"async\" srcset=\"https:\/\/finoptima.com.co\/site\/wp-content\/uploads\/2025\/09\/12.-REEB.png ,https:\/\/finoptima.com.co\/site\/wp-content\/uploads\/2025\/09\/12.-REEB.png 780w, https:\/\/finoptima.com.co\/site\/wp-content\/uploads\/2025\/09\/12.-REEB.png 360w\" sizes=\"auto, (max-width: 480px) 150px\" src=\"https:\/\/finoptima.com.co\/site\/wp-content\/uploads\/2025\/09\/12.-REEB.png\" alt=\"\" class=\"uag-image-489\" width=\"368\" height=\"280\" title=\"12. REEB\" loading=\"lazy\" role=\"img\"\/><\/figure><\/div>\n<\/div>\n\n\n\n<div class=\"wp-block-uagb-container uagb-block-cbc5c3be\">\n<p><strong>2. REVISTA de GEO POL\u00cdTICA Y ECONOM\u00cdA<\/strong> (RGPE)<\/p>\n\n\n\n<div class=\"wp-block-buttons is-layout-flex wp-block-buttons-is-layout-flex\">\n<div class=\"wp-block-button\"><a class=\"wp-block-button__link wp-element-button\" href=\"https:\/\/finoptima.com.co\/site\/2-revista-de-geo-politica-y-economia-rgpe\/\">IR A RGPE<\/a><\/div>\n<\/div>\n\n\n\n<p>En nuestra Revista de Geopol\u00edtica y Econom\u00eda (RGPE) se publican diversos art\u00edculos de an\u00e1lisis de la situaci\u00f3n geo pol\u00edtica y econ\u00f3mica que impactan a Colombia y sus regiones. An\u00e1lisis realistas y sinceros, sin ideolog\u00eda, pero con mucho pragmatismo, lo acercan a la mejor experiencia del d\u00eda a d\u00eda.<\/p>\n<\/div>\n<\/div><\/div>\n\n\n\n<div class=\"wp-block-uagb-container uagb-block-32c39e6d alignfull uagb-is-root-container\"><div class=\"uagb-container-inner-blocks-wrap\">\n<div class=\"wp-block-uagb-container uagb-block-af680ccd\">\n<div class=\"wp-block-uagb-image uagb-block-effa20be wp-block-uagb-image--layout-default wp-block-uagb-image--effect-static wp-block-uagb-image--align-none\"><figure class=\"wp-block-uagb-image__figure\"><img decoding=\"async\" srcset=\"https:\/\/finoptima.com.co\/site\/wp-content\/uploads\/2025\/06\/11.-MOD-SIM.png ,https:\/\/finoptima.com.co\/site\/wp-content\/uploads\/2025\/06\/11.-MOD-SIM.png 780w, https:\/\/finoptima.com.co\/site\/wp-content\/uploads\/2025\/06\/11.-MOD-SIM.png 360w\" sizes=\"auto, (max-width: 480px) 150px\" src=\"https:\/\/finoptima.com.co\/site\/wp-content\/uploads\/2025\/06\/11.-MOD-SIM.png\" alt=\"\" class=\"uag-image-382\" width=\"147\" height=\"170\" title=\"11. MOD SIM\" loading=\"lazy\" role=\"img\"\/><\/figure><\/div>\n<\/div>\n\n\n\n<div class=\"wp-block-group is-nowrap is-layout-flex wp-container-core-group-is-layout-6c531013 wp-block-group-is-layout-flex\">\n<div class=\"wp-block-uagb-container uagb-block-3099f11f\">\n<p><strong>3. SIMULADORES DE FIN\u00f3PTIMA<\/strong><\/p>\n\n\n\n<div class=\"wp-block-buttons is-layout-flex wp-block-buttons-is-layout-flex\">\n<div class=\"wp-block-button\"><a class=\"wp-block-button__link wp-element-button\" href=\"https:\/\/finoptima.com.co\/site\/simuladores-de-finoptima\/\">IR A SIMULADORES<\/a><\/div>\n<\/div>\n\n\n\n<p>Fin\u00d3ptima ha implementado un conjunto de simuladores para evaluar choques econ\u00f3micos en variables claves. Se tienen dos desarrollos: un Simulador de Entorno Macroecon\u00f3mico de Fin\u00d3ptima (SEMA) y un Simulador Empresarial de Fin\u00d3ptima (SEFO).<\/p>\n<\/div>\n<\/div>\n<\/div><\/div>\n\n\n\n<div class=\"wp-block-uagb-container uagb-block-dac1a952 alignfull uagb-is-root-container\"><div class=\"uagb-container-inner-blocks-wrap\">\n<div class=\"wp-block-uagb-container uagb-block-e2ed8425\">\n<div class=\"wp-block-uagb-image uagb-block-9d01f155 wp-block-uagb-image--layout-default wp-block-uagb-image--effect-static wp-block-uagb-image--align-none\"><figure class=\"wp-block-uagb-image__figure\"><img decoding=\"async\" srcset=\"https:\/\/finoptima.com.co\/site\/wp-content\/uploads\/2025\/07\/14.-EQUIPO-DE-TRABAJO.png ,https:\/\/finoptima.com.co\/site\/wp-content\/uploads\/2025\/07\/14.-EQUIPO-DE-TRABAJO.png 780w, https:\/\/finoptima.com.co\/site\/wp-content\/uploads\/2025\/07\/14.-EQUIPO-DE-TRABAJO.png 360w\" sizes=\"auto, (max-width: 480px) 150px\" src=\"https:\/\/finoptima.com.co\/site\/wp-content\/uploads\/2025\/07\/14.-EQUIPO-DE-TRABAJO.png\" alt=\"\" class=\"uag-image-415\" width=\"163\" height=\"208\" title=\"14. EQUIPO DE TRABAJO\" loading=\"lazy\" role=\"img\"\/><\/figure><\/div>\n<\/div>\n\n\n\n<div class=\"wp-block-uagb-container uagb-block-04dfc2d1\">\n<p><strong>4. EQUIPO DE TRABAJO<\/strong><\/p>\n\n\n\n<div class=\"wp-block-buttons is-layout-flex wp-block-buttons-is-layout-flex\">\n<div class=\"wp-block-button\"><a class=\"wp-block-button__link wp-element-button\" href=\"https:\/\/finoptima.com.co\/site\/equipo-de-trabajo\/\">IR A EQUIPO DE TRABAJO<\/a><\/div>\n<\/div>\n\n\n\n<p>En Fin\u00d3ptima, nuestro equipo de consultores es multidisciplinar, joven y capacitado para abordar los mayores desaf\u00edos en las \u00e1reas en las que prestamos servicio como el an\u00e1lisis econ\u00f3mico y financiero mediante modelos cualitativos y cuantitativos.<\/p>\n<\/div>\n<\/div><\/div>\n\n\n\n<div class=\"wp-block-uagb-container uagb-block-a7241452 alignfull uagb-is-root-container\"><div class=\"uagb-container-inner-blocks-wrap\">\n<div class=\"wp-block-uagb-container uagb-block-1eb09e54\">\n<div class=\"wp-block-uagb-image uagb-block-60b9cd95 wp-block-uagb-image--layout-default wp-block-uagb-image--effect-static wp-block-uagb-image--align-none\"><figure class=\"wp-block-uagb-image__figure\"><img decoding=\"async\" srcset=\"https:\/\/finoptima.com.co\/site\/wp-content\/uploads\/2025\/07\/13.-QUIENES-SOMOS.png ,https:\/\/finoptima.com.co\/site\/wp-content\/uploads\/2025\/07\/13.-QUIENES-SOMOS.png 780w, https:\/\/finoptima.com.co\/site\/wp-content\/uploads\/2025\/07\/13.-QUIENES-SOMOS.png 360w\" sizes=\"auto, (max-width: 480px) 150px\" src=\"https:\/\/finoptima.com.co\/site\/wp-content\/uploads\/2025\/07\/13.-QUIENES-SOMOS.png\" alt=\"\" class=\"uag-image-419\" width=\"167\" height=\"201\" title=\"13. QUIENES SOMOS\" loading=\"lazy\" role=\"img\"\/><\/figure><\/div>\n<\/div>\n\n\n\n<div class=\"wp-block-uagb-container uagb-block-252122e9\">\n<p>5. QUIENES SOMOS<\/p>\n\n\n\n<div class=\"wp-block-buttons is-layout-flex wp-block-buttons-is-layout-flex\">\n<div class=\"wp-block-button\"><a class=\"wp-block-button__link wp-element-button\" href=\"https:\/\/finoptima.com.co\/site\/home\/quienes-somos\/\">IR A QUIENES SOMOS<\/a><\/div>\n<\/div>\n\n\n\n<p>En Fin\u00d3ptima, somos una empresa de consultor\u00eda ubicada en Armenia, Quind\u00edo, fundada en 2024 con el prop\u00f3sito de ofrecer soluciones avanzadas y adaptadas a los problemas que surgen de las din\u00e1micas espec\u00edficas del territorio. Nos especializamos en proporcionar an\u00e1lisis y asesor\u00edas mediante el desarrollo de modelos de simulaci\u00f3n y econom\u00e9tricos, dise\u00f1ados para optimizar la gesti\u00f3n de recursos y mejorar la toma de decisiones estrat\u00e9gicas.<\/p>\n<\/div>\n<\/div><\/div>\n\n\n\n<p><\/p>\n","protected":false},"excerpt":{"rendered":"<p>Nuestra oferta: Nuestra oferta se hace sobre las l\u00edneas estrat\u00e9gicas de estructura espacial urbana, mercado laboral, gesti\u00f3n gerencial, finanzas del gobierno local, finanzas del sector privado, eficiencia de procesos productivos y dise\u00f1o y evaluaci\u00f3n de pol\u00edticas p\u00fablicas. 2. REVISTA de GEO POL\u00cdTICA Y ECONOM\u00cdA (RGPE) En nuestra Revista de Geopol\u00edtica y Econom\u00eda (RGPE) se publican [&hellip;]<\/p>\n","protected":false},"author":1,"featured_media":0,"parent":0,"menu_order":0,"comment_status":"closed","ping_status":"closed","template":"","meta":{"_uag_custom_page_level_css":"","footnotes":""},"class_list":["post-20","page","type-page","status-publish","hentry"],"uagb_featured_image_src":{"full":false,"thumbnail":false,"medium":false,"medium_large":false,"large":false,"1536x1536":false,"2048x2048":false},"uagb_author_info":{"display_name":"f1n0pt1m4","author_link":"https:\/\/finoptima.com.co\/site\/author\/f1n0pt1m4\/"},"uagb_comment_info":0,"uagb_excerpt":"Nuestra oferta: Nuestra oferta se hace sobre las l\u00edneas estrat\u00e9gicas de estructura espacial urbana, mercado laboral, gesti\u00f3n gerencial, finanzas del gobierno local, finanzas del sector privado, eficiencia de procesos productivos y dise\u00f1o y evaluaci\u00f3n de pol\u00edticas p\u00fablicas. 2. REVISTA de GEO POL\u00cdTICA Y ECONOM\u00cdA (RGPE) En nuestra Revista de Geopol\u00edtica y Econom\u00eda (RGPE) se publican&hellip;","_links":{"self":[{"href":"https:\/\/finoptima.com.co\/site\/wp-json\/wp\/v2\/pages\/20","targetHints":{"allow":["GET"]}}],"collection":[{"href":"https:\/\/finoptima.com.co\/site\/wp-json\/wp\/v2\/pages"}],"about":[{"href":"https:\/\/finoptima.com.co\/site\/wp-json\/wp\/v2\/types\/page"}],"author":[{"embeddable":true,"href":"https:\/\/finoptima.com.co\/site\/wp-json\/wp\/v2\/users\/1"}],"replies":[{"embeddable":true,"href":"https:\/\/finoptima.com.co\/site\/wp-json\/wp\/v2\/comments?post=20"}],"version-history":[{"count":68,"href":"https:\/\/finoptima.com.co\/site\/wp-json\/wp\/v2\/pages\/20\/revisions"}],"predecessor-version":[{"id":515,"href":"https:\/\/finoptima.com.co\/site\/wp-json\/wp\/v2\/pages\/20\/revisions\/515"}],"wp:attachment":[{"href":"https:\/\/finoptima.com.co\/site\/wp-json\/wp\/v2\/media?parent=20"}],"curies":[{"name":"wp","href":"https:\/\/api.w.org\/{rel}","templated":true}]}}